{"id":3328,"date":"2023-06-26T09:17:28","date_gmt":"2023-06-26T09:17:28","guid":{"rendered":"https:\/\/ledestube.com\/?page_id=3328"},"modified":"2025-05-28T02:50:21","modified_gmt":"2025-05-28T02:50:21","slug":"thank-you","status":"publish","type":"page","link":"https:\/\/www.ledestube.com\/es_mx\/thank-you\/","title":{"rendered":"Gracias"},"content":{"rendered":"<div data-elementor-type=\"wp-page\" data-elementor-id=\"3328\" class=\"elementor elementor-3328\">\n\t\t\t\t<div class=\"elementor-element elementor-element-4173571 e-flex e-con-boxed e-con e-parent\" data-id=\"4173571\" data-element_type=\"container\">\n\t\t\t\t\t<div class=\"e-con-inner\">\n\t\t\t\t<div class=\"elementor-element elementor-element-e753fb8 elementor-view-default elementor-widget elementor-widget-icon\" data-id=\"e753fb8\" data-element_type=\"widget\" data-widget_type=\"icon.default\">\n\t\t\t\t<div class=\"elementor-widget-container\">\n\t\t\t\t\t<div class=\"elementor-icon-wrapper\">\n\t\t\t<div class=\"elementor-icon\">\n\t\t\t<svg aria-hidden=\"true\" class=\"e-font-icon-svg e-far-smile-beam\" viewbox=\"0 0 496 512\" xmlns=\"http:\/\/www.w3.org\/2000\/svg\"><path d=\"M248 8C111 8 0 119 0 256s111 248 248 248 248-111 248-248S385 8 248 8zm0 448c-110.3 0-200-89.7-200-200S137.7 56 248 56s200 89.7 200 200-89.7 200-200 200zm84-143.4c-20.8 25-51.5 39.4-84 39.4s-63.2-14.3-84-39.4c-8.5-10.2-23.6-11.5-33.8-3.1-10.2 8.5-11.5 23.6-3.1 33.8 30 36 74.1 56.6 120.9 56.6s90.9-20.6 120.9-56.6c8.5-10.2 7.1-25.3-3.1-33.8-10.2-8.4-25.3-7.1-33.8 3.1zM136.5 211c7.7-13.7 19.2-21.6 31.5-21.6s23.8 7.9 31.5 21.6l9.5 17c2.1 3.7 6.2 4.7 9.3 3.7 3.6-1.1 6-4.5 5.7-8.3-3.3-42.1-32.2-71.4-56-71.4s-52.7 29.3-56 71.4c-.3 3.7 2.1 7.2 5.7 8.3 3.4 1.1 7.4-.5 9.3-3.7l9.5-17zM328 152c-23.8 0-52.7 29.3-56 71.4-.3 3.7 2.1 7.2 5.7 8.3 3.5 1.1 7.4-.5 9.3-3.7l9.5-17c7.7-13.7 19.2-21.6 31.5-21.6s23.8 7.9 31.5 21.6l9.5 17c2.1 3.7 6.2 4.7 9.3 3.7 3.6-1.1 6-4.5 5.7-8.3-3.3-42.1-32.2-71.4-56-71.4z\"><\/path><\/svg>\t\t\t<\/div>\n\t\t<\/div>\n\t\t\t\t<\/div>\n\t\t\t\t<\/div>\n\t\t\t\t<div class=\"elementor-element elementor-element-a9dfa7b elementor-widget elementor-widget-heading\" data-id=\"a9dfa7b\" data-element_type=\"widget\" data-widget_type=\"heading.default\">\n\t\t\t\t<div class=\"elementor-widget-container\">\n\t\t\t<h1 class=\"elementor-heading-title elementor-size-default\">Gracias por su consulta, nos comunicaremos con usted inmediatamente.<\/h1>\t\t<\/div>\n\t\t\t\t<\/div>\n\t\t\t\t<div class=\"elementor-element elementor-element-9f01cfe elementor-widget elementor-widget-html\" data-id=\"9f01cfe\" data-element_type=\"widget\" data-widget_type=\"html.default\">\n\t\t\t\t<div class=\"elementor-widget-container\">\n\t\t\t<!DOCTYPE html>\r\n<html>\r\n<head>\r\n    <meta charset=\"UTF-8\">\r\n    <script>\r\n        setTimeout(function() {\r\n            history.back();\r\n        }, 3000);\r\n    <\/script>\r\n<\/head>\r\n<body>\r\n\r\n    <p>Volver\u00e1 autom\u00e1ticamente a la p\u00e1gina anterior despu\u00e9s de 3 segundos...<\/p>\r\n<\/body>\r\n<\/html>\r\n\t\t<\/div>\n\t\t\t\t<\/div>\n\t\t\t\t\t<\/div>\n\t\t\t\t<\/div>\n\t\t\t\t<\/div>","protected":false},"excerpt":{"rendered":"<p>Gracias contacto con Ledes. Nuestro ingeniero de ventas se comunicar\u00e1 con usted en un d\u00eda h\u00e1bil. Para obtener m\u00e1s informaci\u00f3n sobre el producto, puede visitar nuestro sitio web para obtener m\u00e1s detalles.<\/p>","protected":false},"author":1,"featured_media":8182,"parent":0,"menu_order":0,"comment_status":"closed","ping_status":"closed","template":"","meta":{"footnotes":""},"class_list":["post-3328","page","type-page","status-publish","has-post-thumbnail","hentry"],"aioseo_notices":[],"aioseo_head":"\n\t\t<!-- All in One SEO Pro 4.8.3.2 - aioseo.com -->\n\t<meta name=\"description\" content=\"Thanks contact with Ledes. Our sales enginner will contact with you in one business day. For more product info, you can visit our website for more details.\" \/>\n\t<meta name=\"robots\" content=\"max-image-preview:large\" \/>\n\t<link rel=\"canonical\" href=\"https:\/\/www.ledestube.com\/es_mx\/thank-you\/\" \/>\n\t<meta name=\"generator\" content=\"All in One SEO Pro (AIOSEO) 4.8.3.2\" \/>\n\t\t<meta property=\"og:locale\" content=\"es_MX\" \/>\n\t\t<meta property=\"og:site_name\" content=\"Ledes - The Leading Electrical Conduit Pipe &amp; Fitting Supplier in China - Ledes is a leading supplier of electrical conduits &amp; fittings in China. We are the 1st UL &amp; CSA Listed PVC conduit manufacturer and have also gotten ASTM, IEC, AS\/NZS, and EN certifications. We have 14+ years of industry experience, 107,639+ ft\u00b2 factory space, and 500+ workers.\" \/>\n\t\t<meta property=\"og:type\" content=\"article\" \/>\n\t\t<meta property=\"og:title\" content=\"Thank You - Thanks for Your Contact with Ledes\" \/>\n\t\t<meta property=\"og:description\" content=\"Thanks contact with Ledes. Our sales enginner will contact with you in one business day. For more product info, you can visit our website for more details.\" \/>\n\t\t<meta property=\"og:url\" content=\"https:\/\/www.ledestube.com\/es_mx\/thank-you\/\" \/>\n\t\t<meta property=\"og:image\" content=\"https:\/\/www.ledestube.com\/wp-content\/uploads\/2025\/04\/Ledes-logo-large.png\" \/>\n\t\t<meta property=\"og:image:secure_url\" content=\"https:\/\/www.ledestube.com\/wp-content\/uploads\/2025\/04\/Ledes-logo-large.png\" \/>\n\t\t<meta property=\"og:image:width\" content=\"525\" \/>\n\t\t<meta property=\"og:image:height\" content=\"150\" \/>\n\t\t<meta property=\"article:published_time\" content=\"2023-06-26T09:17:28+00:00\" \/>\n\t\t<meta property=\"article:modified_time\" content=\"2025-05-28T02:50:21+00:00\" \/>\n\t\t<meta property=\"article:publisher\" content=\"https:\/\/www.facebook.com\/ledesgroup\" \/>\n\t\t<meta property=\"article:author\" content=\"https:\/\/www.facebook.com\/ledesgroup\" \/>\n\t\t<meta name=\"twitter:card\" content=\"summary_large_image\" \/>\n\t\t<meta name=\"twitter:site\" content=\"@LedesChina\" \/>\n\t\t<meta name=\"twitter:title\" content=\"Thank You - Thanks for Your Contact with Ledes\" \/>\n\t\t<meta name=\"twitter:description\" content=\"Thanks contact with Ledes. Our sales enginner will contact with you in one business day. For more product info, you can visit our website for more details.\" \/>\n\t\t<meta name=\"twitter:creator\" content=\"@LedesChina\" \/>\n\t\t<meta name=\"twitter:image\" content=\"https:\/\/www.ledestube.com\/wp-content\/uploads\/2025\/04\/Ledes-logo-large.png\" \/>\n\t\t<script type=\"application\/ld+json\" class=\"aioseo-schema\">\n\t\t\t{\"@context\":\"https:\\\/\\\/schema.org\",\"@graph\":[{\"@type\":\"BreadcrumbList\",\"@id\":\"https:\\\/\\\/www.ledestube.com\\\/es_mx\\\/thank-you\\\/#breadcrumblist\",\"itemListElement\":[{\"@type\":\"ListItem\",\"@id\":\"https:\\\/\\\/www.ledestube.com\\\/es_mx#listItem\",\"position\":1,\"name\":\"Home\",\"item\":\"https:\\\/\\\/www.ledestube.com\\\/es_mx\",\"nextItem\":{\"@type\":\"ListItem\",\"@id\":\"https:\\\/\\\/www.ledestube.com\\\/es_mx\\\/thank-you\\\/#listItem\",\"name\":\"Thank You\"}},{\"@type\":\"ListItem\",\"@id\":\"https:\\\/\\\/www.ledestube.com\\\/es_mx\\\/thank-you\\\/#listItem\",\"position\":2,\"name\":\"Thank You\",\"previousItem\":{\"@type\":\"ListItem\",\"@id\":\"https:\\\/\\\/www.ledestube.com\\\/es_mx#listItem\",\"name\":\"Home\"}}]},{\"@type\":\"Organization\",\"@id\":\"https:\\\/\\\/www.ledestube.com\\\/es_mx\\\/#organization\",\"name\":\"Ledes - The Leading Electrical Conduit Pipe & Fitting Supplier in China\",\"description\":\"Ledes is a leading supplier of electrical conduits & fittings in China. We are the 1st UL & CSA Listed PVC conduit manufacturer and have also gotten ASTM, IEC, AS\\\/NZS, and EN certifications. We have 14+ years of industry experience, 107,639+ ft\\u00b2 factory space, and 500+ workers.\",\"url\":\"https:\\\/\\\/www.ledestube.com\\\/es_mx\\\/\",\"email\":\"ledes@ledestube.com\",\"telephone\":\"+8615338388502\",\"foundingDate\":\"2008-10-13\",\"numberOfEmployees\":{\"@type\":\"QuantitativeValue\",\"value\":500},\"logo\":{\"@type\":\"ImageObject\",\"url\":\"https:\\\/\\\/www.ledestube.com\\\/wp-content\\\/uploads\\\/2023\\\/11\\\/Ledes-Logo-Small.jpg\",\"@id\":\"https:\\\/\\\/www.ledestube.com\\\/es_mx\\\/thank-you\\\/#organizationLogo\",\"width\":112,\"height\":112,\"caption\":\"Ledes Logo Small\"},\"image\":{\"@id\":\"https:\\\/\\\/www.ledestube.com\\\/es_mx\\\/thank-you\\\/#organizationLogo\"},\"sameAs\":[\"https:\\\/\\\/www.facebook.com\\\/ledesgroup\",\"https:\\\/\\\/x.com\\\/LedesChina\",\"https:\\\/\\\/www.instagram.com\\\/ledestube\\\/\",\"https:\\\/\\\/www.tiktok.com\\\/@ledescknceu\",\"https:\\\/\\\/www.pinterest.com\\\/chinaledes\\\/\",\"https:\\\/\\\/www.youtube.com\\\/@ledesgroup\",\"https:\\\/\\\/www.linkedin.com\\\/company\\\/ledes-tube\\\/\",\"https:\\\/\\\/www.tumblr.com\\\/blog\\\/ledestube\",\"https:\\\/\\\/bsky.app\\\/profile\\\/ledestube.bsky.social\",\"https:\\\/\\\/www.threads.com\\\/@ledestube\"]},{\"@type\":\"WebPage\",\"@id\":\"https:\\\/\\\/www.ledestube.com\\\/es_mx\\\/thank-you\\\/#webpage\",\"url\":\"https:\\\/\\\/www.ledestube.com\\\/es_mx\\\/thank-you\\\/\",\"name\":\"Thank You - Thanks for Your Contact with Ledes\",\"description\":\"Thanks contact with Ledes. Our sales enginner will contact with you in one business day. For more product info, you can visit our website for more details.\",\"inLanguage\":\"es-MX\",\"isPartOf\":{\"@id\":\"https:\\\/\\\/www.ledestube.com\\\/es_mx\\\/#website\"},\"breadcrumb\":{\"@id\":\"https:\\\/\\\/www.ledestube.com\\\/es_mx\\\/thank-you\\\/#breadcrumblist\"},\"image\":{\"@type\":\"ImageObject\",\"url\":\"https:\\\/\\\/www.ledestube.com\\\/wp-content\\\/uploads\\\/2024\\\/04\\\/Thanks-to-Contact-with-Ledes.jpg\",\"@id\":\"https:\\\/\\\/www.ledestube.com\\\/es_mx\\\/thank-you\\\/#mainImage\",\"width\":600,\"height\":600,\"caption\":\"Thanks to Contact with Ledes\"},\"primaryImageOfPage\":{\"@id\":\"https:\\\/\\\/www.ledestube.com\\\/es_mx\\\/thank-you\\\/#mainImage\"},\"datePublished\":\"2023-06-26T09:17:28+00:00\",\"dateModified\":\"2025-05-28T02:50:21+00:00\"},{\"@type\":\"WebSite\",\"@id\":\"https:\\\/\\\/www.ledestube.com\\\/es_mx\\\/#website\",\"url\":\"https:\\\/\\\/www.ledestube.com\\\/es_mx\\\/\",\"name\":\"Ledes - The Leading Electrical Conduit Pipe & Fitting Supplier in China\",\"alternateName\":\"Ledes\",\"description\":\"Ledes is a leading supplier of electrical conduits & fittings in China. We are the 1st UL & CSA Listed PVC conduit manufacturer and have also gotten ASTM, IEC, AS\\\/NZS, and EN certifications. We have 14+ years of industry experience, 107,639+ ft\\u00b2 factory space, and 500+ workers.\",\"inLanguage\":\"es-MX\",\"publisher\":{\"@id\":\"https:\\\/\\\/www.ledestube.com\\\/es_mx\\\/#organization\"}}]}\n\t\t<\/script>\n\t\t<!-- All in One SEO Pro -->\r\n\t\t<title>Thank You - Thanks for Your Contact with Ledes<\/title>\n\n","aioseo_head_json":{"title":"Thank You - Thanks for Your Contact with Ledes","description":"Gracias contacto con Ledes. Nuestro ingeniero de ventas se comunicar\u00e1 con usted en un d\u00eda h\u00e1bil. Para obtener m\u00e1s informaci\u00f3n sobre el producto, puede visitar nuestro sitio web para obtener m\u00e1s detalles.","canonical_url":"https:\/\/www.ledestube.com\/es_mx\/thank-you\/","robots":"max-image-preview:large","keywords":"","webmasterTools":{"miscellaneous":""},"schema":{"@context":"https:\/\/schema.org","@graph":[{"@type":"BreadcrumbList","@id":"https:\/\/www.ledestube.com\/es_mx\/thank-you\/#breadcrumblist","itemListElement":[{"@type":"ListItem","@id":"https:\/\/www.ledestube.com\/es_mx#listItem","position":1,"name":"Home","item":"https:\/\/www.ledestube.com\/es_mx","nextItem":{"@type":"ListItem","@id":"https:\/\/www.ledestube.com\/es_mx\/thank-you\/#listItem","name":"Thank You"}},{"@type":"ListItem","@id":"https:\/\/www.ledestube.com\/es_mx\/thank-you\/#listItem","position":2,"name":"Thank You","previousItem":{"@type":"ListItem","@id":"https:\/\/www.ledestube.com\/es_mx#listItem","name":"Home"}}]},{"@type":"Organization","@id":"https:\/\/www.ledestube.com\/es_mx\/#organization","name":"Ledes - The Leading Electrical Conduit Pipe & Fitting Supplier in China","description":"Ledes is a leading supplier of electrical conduits & fittings in China. We are the 1st UL & CSA Listed PVC conduit manufacturer and have also gotten ASTM, IEC, AS\/NZS, and EN certifications. We have 14+ years of industry experience, 107,639+ ft\u00b2 factory space, and 500+ workers.","url":"https:\/\/www.ledestube.com\/es_mx\/","email":"ledes@ledestube.com","telephone":"+8615338388502","foundingDate":"2008-10-13","numberOfEmployees":{"@type":"QuantitativeValue","value":500},"logo":{"@type":"ImageObject","url":"https:\/\/www.ledestube.com\/wp-content\/uploads\/2023\/11\/Ledes-Logo-Small.jpg","@id":"https:\/\/www.ledestube.com\/es_mx\/thank-you\/#organizationLogo","width":112,"height":112,"caption":"Ledes Logo Small"},"image":{"@id":"https:\/\/www.ledestube.com\/es_mx\/thank-you\/#organizationLogo"},"sameAs":["https:\/\/www.facebook.com\/ledesgroup","https:\/\/x.com\/LedesChina","https:\/\/www.instagram.com\/ledestube\/","https:\/\/www.tiktok.com\/@ledescknceu","https:\/\/www.pinterest.com\/chinaledes\/","https:\/\/www.youtube.com\/@ledesgroup","https:\/\/www.linkedin.com\/company\/ledes-tube\/","https:\/\/www.tumblr.com\/blog\/ledestube","https:\/\/bsky.app\/profile\/ledestube.bsky.social","https:\/\/www.threads.com\/@ledestube"]},{"@type":"WebPage","@id":"https:\/\/www.ledestube.com\/es_mx\/thank-you\/#webpage","url":"https:\/\/www.ledestube.com\/es_mx\/thank-you\/","name":"Thank You - Thanks for Your Contact with Ledes","description":"Thanks contact with Ledes. Our sales enginner will contact with you in one business day. For more product info, you can visit our website for more details.","inLanguage":"es-MX","isPartOf":{"@id":"https:\/\/www.ledestube.com\/es_mx\/#website"},"breadcrumb":{"@id":"https:\/\/www.ledestube.com\/es_mx\/thank-you\/#breadcrumblist"},"image":{"@type":"ImageObject","url":"https:\/\/www.ledestube.com\/wp-content\/uploads\/2024\/04\/Thanks-to-Contact-with-Ledes.jpg","@id":"https:\/\/www.ledestube.com\/es_mx\/thank-you\/#mainImage","width":600,"height":600,"caption":"Thanks to Contact with Ledes"},"primaryImageOfPage":{"@id":"https:\/\/www.ledestube.com\/es_mx\/thank-you\/#mainImage"},"datePublished":"2023-06-26T09:17:28+00:00","dateModified":"2025-05-28T02:50:21+00:00"},{"@type":"WebSite","@id":"https:\/\/www.ledestube.com\/es_mx\/#website","url":"https:\/\/www.ledestube.com\/es_mx\/","name":"Ledes - The Leading Electrical Conduit Pipe & Fitting Supplier in China","alternateName":"Ledes","description":"Ledes is a leading supplier of electrical conduits & fittings in China. We are the 1st UL & CSA Listed PVC conduit manufacturer and have also gotten ASTM, IEC, AS\/NZS, and EN certifications. We have 14+ years of industry experience, 107,639+ ft\u00b2 factory space, and 500+ workers.","inLanguage":"es-MX","publisher":{"@id":"https:\/\/www.ledestube.com\/es_mx\/#organization"}}]},"og:locale":"es_MX","og:site_name":"Ledes - The Leading Electrical Conduit Pipe &amp; Fitting Supplier in China - Ledes is a leading supplier of electrical conduits &amp; fittings in China. We are the 1st UL &amp; CSA Listed PVC conduit manufacturer and have also gotten ASTM, IEC, AS\/NZS, and EN certifications. We have 14+ years of industry experience, 107,639+ ft\u00b2 factory space, and 500+ workers.","og:type":"article","og:title":"Thank You - Thanks for Your Contact with Ledes","og:description":"Thanks contact with Ledes. Our sales enginner will contact with you in one business day. For more product info, you can visit our website for more details.","og:url":"https:\/\/www.ledestube.com\/es_mx\/thank-you\/","og:image":"https:\/\/www.ledestube.com\/wp-content\/uploads\/2025\/04\/Ledes-logo-large.png","og:image:secure_url":"https:\/\/www.ledestube.com\/wp-content\/uploads\/2025\/04\/Ledes-logo-large.png","og:image:width":525,"og:image:height":150,"article:published_time":"2023-06-26T09:17:28+00:00","article:modified_time":"2025-05-28T02:50:21+00:00","article:publisher":"https:\/\/www.facebook.com\/ledesgroup","article:author":"https:\/\/www.facebook.com\/ledesgroup","twitter:card":"summary_large_image","twitter:site":"@LedesChina","twitter:title":"Thank You - Thanks for Your Contact with Ledes","twitter:description":"Thanks contact with Ledes. Our sales enginner will contact with you in one business day. For more product info, you can visit our website for more details.","twitter:creator":"@LedesChina","twitter:image":"https:\/\/www.ledestube.com\/wp-content\/uploads\/2025\/04\/Ledes-logo-large.png"},"aioseo_meta_data":{"post_id":"3328","title":"#post_title - Thanks for Your Contact with Ledes","description":"Gracias contacto con Ledes. Nuestro ingeniero de ventas se comunicar\u00e1 con usted en un d\u00eda h\u00e1bil. Para obtener m\u00e1s informaci\u00f3n sobre el producto, puede visitar nuestro sitio web para obtener m\u00e1s detalles.","keywords":null,"keyphrases":{"focus":{"keyphrase":"Thank You","score":58,"analysis":{"keyphraseInTitle":{"score":9,"maxScore":9,"error":0},"keyphraseInDescription":{"score":3,"maxScore":9,"error":1},"keyphraseLength":{"score":9,"maxScore":9,"error":0,"length":2},"keyphraseInURL":{"score":5,"maxScore":5,"error":0},"keyphraseInIntroduction":{"score":3,"maxScore":9,"error":1},"keyphraseInSubHeadings":[],"keyphraseInImageAlt":[],"keywordDensity":{"score":0,"type":"low","maxScore":9,"error":1}}},"additional":[]},"primary_term":null,"canonical_url":null,"og_title":null,"og_description":null,"og_object_type":"default","og_image_type":"default","og_image_url":null,"og_image_width":null,"og_image_height":null,"og_image_custom_url":null,"og_image_custom_fields":null,"og_video":"","og_custom_url":null,"og_article_section":null,"og_article_tags":null,"twitter_use_og":false,"twitter_card":"default","twitter_image_type":"default","twitter_image_url":null,"twitter_image_custom_url":null,"twitter_image_custom_fields":null,"twitter_title":null,"twitter_description":null,"schema":{"blockGraphs":[],"customGraphs":[],"default":{"data":{"Article":[],"Course":[],"Dataset":[],"FAQPage":[],"Movie":[],"Person":[],"Product":[],"ProductReview":[],"Car":[],"Recipe":[],"Service":[],"SoftwareApplication":[],"WebPage":[]},"graphName":"WebPage","isEnabled":true},"graphs":[]},"schema_type":"default","schema_type_options":null,"pillar_content":false,"robots_default":true,"robots_noindex":false,"robots_noarchive":false,"robots_nosnippet":false,"robots_nofollow":false,"robots_noimageindex":false,"robots_noodp":false,"robots_notranslate":false,"robots_max_snippet":"-1","robots_max_videopreview":"-1","robots_max_imagepreview":"large","priority":null,"frequency":"default","local_seo":null,"limit_modified_date":false,"reviewed_by":null,"open_ai":{"title":{"suggestions":[],"usage":0},"description":{"suggestions":[],"usage":0}},"ai":null,"created":"2023-07-17 02:38:01","updated":"2025-05-28 02:51:14"},"aioseo_breadcrumb":"<div class=\"aioseo-breadcrumbs\"><span class=\"aioseo-breadcrumb\">\n\t<a href=\"https:\/\/www.ledestube.com\/es_mx\" title=\"Home\">Home<\/a>\n<\/span><span class=\"aioseo-breadcrumb-separator\">\u2013<\/span><span class=\"aioseo-breadcrumb\">\n\tThank You\n<\/span><\/div>","aioseo_breadcrumb_json":[{"label":"Home","link":"https:\/\/www.ledestube.com\/es_mx"},{"label":"Thank You","link":"https:\/\/www.ledestube.com\/es_mx\/thank-you\/"}],"_links":{"self":[{"href":"https:\/\/www.ledestube.com\/es_mx\/wp-json\/wp\/v2\/pages\/3328","targetHints":{"allow":["GET"]}}],"collection":[{"href":"https:\/\/www.ledestube.com\/es_mx\/wp-json\/wp\/v2\/pages"}],"about":[{"href":"https:\/\/www.ledestube.com\/es_mx\/wp-json\/wp\/v2\/types\/page"}],"author":[{"embeddable":true,"href":"https:\/\/www.ledestube.com\/es_mx\/wp-json\/wp\/v2\/users\/1"}],"replies":[{"embeddable":true,"href":"https:\/\/www.ledestube.com\/es_mx\/wp-json\/wp\/v2\/comments?post=3328"}],"version-history":[{"count":0,"href":"https:\/\/www.ledestube.com\/es_mx\/wp-json\/wp\/v2\/pages\/3328\/revisions"}],"wp:featuredmedia":[{"embeddable":true,"href":"https:\/\/www.ledestube.com\/es_mx\/wp-json\/wp\/v2\/media\/8182"}],"wp:attachment":[{"href":"https:\/\/www.ledestube.com\/es_mx\/wp-json\/wp\/v2\/media?parent=3328"}],"curies":[{"name":"gracias","href":"https:\/\/api.w.org\/{rel}","templated":true}]}}